{"id":2963,"date":"2024-11-28T13:49:57","date_gmt":"2024-11-28T10:49:57","guid":{"rendered":"http:\/\/sailing.thimpress.com\/elementor08\/?page_id=2963"},"modified":"2024-11-26T12:19:16","modified_gmt":"2024-11-26T09:19:16","slug":"hakkimizda","status":"publish","type":"page","link":"https:\/\/hanykhotel.com\/en\/hakkimizda\/","title":{"rendered":"About"},"content":{"rendered":"<div data-elementor-type=\"wp-post\" data-elementor-id=\"2963\" class=\"elementor elementor-2963\">\n\t\t\t\t\t\t<section class=\"elementor-section elementor-top-section elementor-element elementor-element-df28050 elementor-section-full_width elementor-section-height-default elementor-section-height-default\" data-id=\"df28050\" data-element_type=\"section\" data-e-type=\"section\">\n\t\t\t\t\t\t<div class=\"elementor-container elementor-column-gap-default\">\n\t\t\t\t\t<div class=\"elementor-column elementor-col-100 elementor-top-column elementor-element elementor-element-c6c8e17\" data-id=\"c6c8e17\" data-element_type=\"column\" data-e-type=\"column\">\n\t\t\t<div class=\"elementor-widget-wrap elementor-element-populated\">\n\t\t\t\t\t\t<div class=\"elementor-element elementor-element-41b910b elementor-widget elementor-widget-thim-icon-box\" data-id=\"41b910b\" data-element_type=\"widget\" data-e-type=\"widget\" data-widget_type=\"thim-icon-box.default\">\n\t\t\t\t<div class=\"elementor-widget-container\">\n\t\t\t\t\t<div class=\"inner-box auto-hidden\"><div  class=\"wrapper-box-icon text-center   wrapper-line-heading\" ><div class=\"smicon-box iconbox-top\"><div class=\"content-inner\" ><div class=\"sc-heading article_heading\"><h3 class = \"heading__primary\" >The Han YK Hotel<\/h3><span class=\"line-heading\"><span><\/span><\/span><\/div><div class=\"desc-icon-box\"><div style=\"font-size: 20px;font-weight: normal;line-height: 27px;\">Located in Avc\u0131lar, one of Istanbul's most popular districts, we are delighted to welcome you to our boutique city apartment hotel. <br>The Han YK Hotel offers six different room types: Apartment 1+0, Apartment 1+1, Loft Junior, Loft Apartment, Standard Room, and Deluxe Room, with a total of 41 comfortable rooms to cater to your needs.<\/div><\/div><\/div><\/div><!--end smicon-box--><\/div><\/div><style>\n\t.smicon-read:hover{\n\t\tcolor: !important;\n\t\tbackground: !important;\n\t}\n\t.smicon-box .boxes-icon:hover{\n\t\tcolor: !important;\n\t\tborder-color: !important;\n\t\tbackground-color:  !important;\n\t}\n\t.smicon-box .boxes-icon:hover .icon i{\n\t\tcolor: !important;\n\t}\n<\/style>\t\t\t\t<\/div>\n\t\t\t\t<\/div>\n\t\t\t\t<div class=\"elementor-element elementor-element-cada0b6 elementor-widget elementor-widget-text-editor\" data-id=\"cada0b6\" data-element_type=\"widget\" data-e-type=\"widget\" data-widget_type=\"text-editor.default\">\n\t\t\t\t<div class=\"elementor-widget-container\">\n\t\t\t\t\t\t\t\t\t<ul><li><p><strong>Apartment 1+0:<\/strong> Designed with a minimalist touch, this cozy and warm apartment is equipped to meet your basic needs, ideal for a comfortable stay.<\/p><\/li><li><p><strong>Apartment 1+1:<\/strong> Featuring a stylish living area and a separate bedroom, this apartment offers spacious and comfortable living, perfect for guests seeking a larger space.<\/p><\/li><li><p><strong>Loft Junior:<\/strong> With its high ceilings and modern design, the Loft Junior rooms provide a bright and airy ambiance for an exceptional stay.<\/p><\/li><li><strong>Loft Apartment:<\/strong> Offering a generous living space and sophisticated decor, the Loft Apartments are equipped with all the amenities you need for both short and long-term stays, ensuring you feel at home.<\/li><li><strong>Standart Room:<\/strong> Providing all the essential facilities, the Standard Rooms are perfect for guests looking for a simple and comfortable accommodation option.<\/li><li><strong>Deluxe Room:<\/strong> Combining elegance and comfort, the Deluxe Rooms offer a spacious and luxurious stay. Additional beds can be arranged to accommodate families, making these rooms ideal for family stays.<\/li><\/ul>\t\t\t\t\t\t\t\t<\/div>\n\t\t\t\t<\/div>\n\t\t\t\t<div class=\"elementor-element elementor-element-e2177da elementor-widget elementor-widget-heading\" data-id=\"e2177da\" data-element_type=\"widget\" data-e-type=\"widget\" data-widget_type=\"heading.default\">\n\t\t\t\t<div class=\"elementor-widget-container\">\n\t\t\t\t\t<h2 class=\"elementor-heading-title elementor-size-default\">Guest Satisfaction<\/h2>\t\t\t\t<\/div>\n\t\t\t\t<\/div>\n\t\t\t\t<div class=\"elementor-element elementor-element-7534639 elementor-widget elementor-widget-text-editor\" data-id=\"7534639\" data-element_type=\"widget\" data-e-type=\"widget\" data-widget_type=\"text-editor.default\">\n\t\t\t\t<div class=\"elementor-widget-container\">\n\t\t\t\t\t\t\t\t\t<p>At The Han YK Hotel, guest satisfaction is our top priority. We are dedicated to providing an unforgettable accommodation experience with a focus on cleanliness and hygiene, ensuring your utmost comfort. Our warm hospitality and friendly service aim to make you feel right at home.<\/p><p><strong>Welcome to The Han YK Hotel, your gateway to exploring the delightful atmosphere and beauty of Istanbul!<\/strong><\/p>\t\t\t\t\t\t\t\t<\/div>\n\t\t\t\t<\/div>\n\t\t\t\t\t<\/div>\n\t\t<\/div>\n\t\t\t\t\t<\/div>\n\t\t<\/section>\n\t\t\t\t<section class=\"elementor-section elementor-top-section elementor-element elementor-element-260b600 elementor-section-stretched thim-bg-overlay elementor-section-boxed elementor-section-height-default elementor-section-height-default\" data-id=\"260b600\" data-element_type=\"section\" data-e-type=\"section\" data-settings=\"{&quot;stretch_section&quot;:&quot;section-stretched&quot;,&quot;background_background&quot;:&quot;classic&quot;}\">\n\t\t\t\t\t\t<div class=\"elementor-container elementor-column-gap-default\">\n\t\t\t\t\t<div class=\"elementor-column elementor-col-25 elementor-top-column elementor-element elementor-element-50f8be2\" data-id=\"50f8be2\" data-element_type=\"column\" data-e-type=\"column\">\n\t\t\t<div class=\"elementor-widget-wrap elementor-element-populated\">\n\t\t\t\t\t\t<div class=\"elementor-element elementor-element-704b7c0 elementor-widget elementor-widget-thim-counter-box\" data-id=\"704b7c0\" data-element_type=\"widget\" data-e-type=\"widget\" data-widget_type=\"thim-counter-box.default\">\n\t\t\t\t<div class=\"elementor-widget-container\">\n\t\t\t\t\t<div class=\"counter-box\" style=\"color:#ffffff\"><div class=\"counterbox-content\"><div class=\"content-box-percentage\"><span class=\"display-percentage\" data-percentage=\"41\">41<\/span><span class=\"counter-box-content\">Rooms<\/span><\/div><\/div><\/div>\t\t\t\t<\/div>\n\t\t\t\t<\/div>\n\t\t\t\t\t<\/div>\n\t\t<\/div>\n\t\t\t\t<div class=\"elementor-column elementor-col-25 elementor-top-column elementor-element elementor-element-ae48291\" data-id=\"ae48291\" data-element_type=\"column\" data-e-type=\"column\">\n\t\t\t<div class=\"elementor-widget-wrap elementor-element-populated\">\n\t\t\t\t\t\t<div class=\"elementor-element elementor-element-1e3c138 elementor-widget elementor-widget-thim-counter-box\" data-id=\"1e3c138\" data-element_type=\"widget\" data-e-type=\"widget\" data-widget_type=\"thim-counter-box.default\">\n\t\t\t\t<div class=\"elementor-widget-container\">\n\t\t\t\t\t<div class=\"counter-box\" style=\"color:#ffffff\"><div class=\"counterbox-content\"><div class=\"content-box-percentage\"><span class=\"display-percentage\" data-percentage=\"7\">7<\/span><span class=\"counter-box-content\">Staffs<\/span><\/div><\/div><\/div>\t\t\t\t<\/div>\n\t\t\t\t<\/div>\n\t\t\t\t\t<\/div>\n\t\t<\/div>\n\t\t\t\t<div class=\"elementor-column elementor-col-25 elementor-top-column elementor-element elementor-element-bf6c1a1\" data-id=\"bf6c1a1\" data-element_type=\"column\" data-e-type=\"column\">\n\t\t\t<div class=\"elementor-widget-wrap elementor-element-populated\">\n\t\t\t\t\t\t<div class=\"elementor-element elementor-element-39328d3 elementor-widget elementor-widget-thim-counter-box\" data-id=\"39328d3\" data-element_type=\"widget\" data-e-type=\"widget\" data-widget_type=\"thim-counter-box.default\">\n\t\t\t\t<div class=\"elementor-widget-container\">\n\t\t\t\t\t<div class=\"counter-box\" style=\"color:#ffffff\"><div class=\"counterbox-content\"><div class=\"content-box-percentage\"><span class=\"display-percentage\" data-percentage=\"1\">1<\/span><span class=\"counter-box-content\">Restaurant<\/span><\/div><\/div><\/div>\t\t\t\t<\/div>\n\t\t\t\t<\/div>\n\t\t\t\t\t<\/div>\n\t\t<\/div>\n\t\t\t\t<div class=\"elementor-column elementor-col-25 elementor-top-column elementor-element elementor-element-e3792ac\" data-id=\"e3792ac\" data-element_type=\"column\" data-e-type=\"column\">\n\t\t\t<div class=\"elementor-widget-wrap elementor-element-populated\">\n\t\t\t\t\t\t<div class=\"elementor-element elementor-element-856a7cb elementor-widget elementor-widget-thim-counter-box\" data-id=\"856a7cb\" data-element_type=\"widget\" data-e-type=\"widget\" data-widget_type=\"thim-counter-box.default\">\n\t\t\t\t<div class=\"elementor-widget-container\">\n\t\t\t\t\t<div class=\"counter-box\" style=\"color:#ffffff\"><div class=\"counterbox-content\"><div class=\"content-box-percentage\"><span class=\"display-percentage\" data-percentage=\"1\">1<\/span><span class=\"counter-box-content\">Free Transportation<\/span><\/div><\/div><\/div>\t\t\t\t<\/div>\n\t\t\t\t<\/div>\n\t\t\t\t\t<\/div>\n\t\t<\/div>\n\t\t\t\t\t<\/div>\n\t\t<\/section>\n\t\t\t\t<section class=\"elementor-section elementor-top-section elementor-element elementor-element-62af19b elementor-section-stretched elementor-section-boxed elementor-section-height-default elementor-section-height-default\" data-id=\"62af19b\" data-element_type=\"section\" data-e-type=\"section\" data-settings=\"{&quot;stretch_section&quot;:&quot;section-stretched&quot;,&quot;background_background&quot;:&quot;classic&quot;}\">\n\t\t\t\t\t\t<div class=\"elementor-container elementor-column-gap-default\">\n\t\t\t\t\t<div class=\"elementor-column elementor-col-100 elementor-top-column elementor-element elementor-element-ac1d23a\" data-id=\"ac1d23a\" data-element_type=\"column\" data-e-type=\"column\">\n\t\t\t<div class=\"elementor-widget-wrap elementor-element-populated\">\n\t\t\t\t\t\t<div class=\"elementor-element elementor-element-f7cd9c7 elementor-widget elementor-widget-thim-icon-box\" data-id=\"f7cd9c7\" data-element_type=\"widget\" data-e-type=\"widget\" data-widget_type=\"thim-icon-box.default\">\n\t\t\t\t<div class=\"elementor-widget-container\">\n\t\t\t\t\t<div class=\"inner-box auto-hidden\"><div  class=\"wrapper-box-icon text-center   wrapper-line-heading\" ><div class=\"smicon-box iconbox-top\"><div class=\"content-inner\" ><div class=\"sc-heading article_heading\"><h3 class = \"heading__primary\" >Gallery<\/h3><span class=\"line-heading\"><span><\/span><\/span><\/div><\/div><\/div><!--end smicon-box--><\/div><\/div><style>\n\t.smicon-read:hover{\n\t\tcolor: !important;\n\t\tbackground: !important;\n\t}\n\t.smicon-box .boxes-icon:hover{\n\t\tcolor: !important;\n\t\tborder-color: !important;\n\t\tbackground-color:  !important;\n\t}\n\t.smicon-box .boxes-icon:hover .icon i{\n\t\tcolor: !important;\n\t}\n<\/style>\t\t\t\t<\/div>\n\t\t\t\t<\/div>\n\t\t\t\t<div class=\"elementor-element elementor-element-dbbc7d0 elementor-widget thim-widget-gallery-images\" data-id=\"dbbc7d0\" data-element_type=\"widget\" data-e-type=\"widget\" data-widget_type=\"thim-gallery-image.default\">\n\t\t\t\t<div class=\"elementor-widget-container\">\n\t\t\t\t\t<div class=\"thim-gallery-images owl-carousel gallery-img\"><div class=\"item\"><img fetchpriority=\"high\" decoding=\"async\" width=\"1000\" height=\"667\" src=\"https:\/\/hanykhotel.com\/wp-content\/uploads\/2024\/11\/101-Loft-JR-6.jpg\" class=\"attachment-full size-full\" alt=\"\" srcset=\"https:\/\/hanykhotel.com\/wp-content\/uploads\/2024\/11\/101-Loft-JR-6.jpg 1000w, https:\/\/hanykhotel.com\/wp-content\/uploads\/2024\/11\/101-Loft-JR-6-300x200.jpg 300w, https:\/\/hanykhotel.com\/wp-content\/uploads\/2024\/11\/101-Loft-JR-6-768x512.jpg 768w, https:\/\/hanykhotel.com\/wp-content\/uploads\/2024\/11\/101-Loft-JR-6-600x400.jpg 600w\" sizes=\"(max-width: 1000px) 100vw, 1000px\" \/><\/div><div class=\"item\"><img decoding=\"async\" width=\"1000\" height=\"667\" src=\"https:\/\/hanykhotel.com\/wp-content\/uploads\/2024\/11\/101-Loft-JR-10.jpg\" class=\"attachment-full size-full\" alt=\"\" srcset=\"https:\/\/hanykhotel.com\/wp-content\/uploads\/2024\/11\/101-Loft-JR-10.jpg 1000w, https:\/\/hanykhotel.com\/wp-content\/uploads\/2024\/11\/101-Loft-JR-10-300x200.jpg 300w, https:\/\/hanykhotel.com\/wp-content\/uploads\/2024\/11\/101-Loft-JR-10-768x512.jpg 768w, https:\/\/hanykhotel.com\/wp-content\/uploads\/2024\/11\/101-Loft-JR-10-600x400.jpg 600w\" sizes=\"(max-width: 1000px) 100vw, 1000px\" \/><\/div><div class=\"item\"><img decoding=\"async\" width=\"1000\" height=\"667\" src=\"https:\/\/hanykhotel.com\/wp-content\/uploads\/2024\/11\/104-Loft-4.jpg\" class=\"attachment-full size-full\" alt=\"\" srcset=\"https:\/\/hanykhotel.com\/wp-content\/uploads\/2024\/11\/104-Loft-4.jpg 1000w, https:\/\/hanykhotel.com\/wp-content\/uploads\/2024\/11\/104-Loft-4-300x200.jpg 300w, https:\/\/hanykhotel.com\/wp-content\/uploads\/2024\/11\/104-Loft-4-768x512.jpg 768w, https:\/\/hanykhotel.com\/wp-content\/uploads\/2024\/11\/104-Loft-4-600x400.jpg 600w\" sizes=\"(max-width: 1000px) 100vw, 1000px\" \/><\/div><div class=\"item\"><img loading=\"lazy\" decoding=\"async\" width=\"1000\" height=\"667\" src=\"https:\/\/hanykhotel.com\/wp-content\/uploads\/2024\/11\/104-Loft-7.jpg\" class=\"attachment-full size-full\" alt=\"\" srcset=\"https:\/\/hanykhotel.com\/wp-content\/uploads\/2024\/11\/104-Loft-7.jpg 1000w, https:\/\/hanykhotel.com\/wp-content\/uploads\/2024\/11\/104-Loft-7-300x200.jpg 300w, https:\/\/hanykhotel.com\/wp-content\/uploads\/2024\/11\/104-Loft-7-768x512.jpg 768w, https:\/\/hanykhotel.com\/wp-content\/uploads\/2024\/11\/104-Loft-7-600x400.jpg 600w\" sizes=\"(max-width: 1000px) 100vw, 1000px\" \/><\/div><div class=\"item\"><img loading=\"lazy\" decoding=\"async\" width=\"1000\" height=\"667\" src=\"https:\/\/hanykhotel.com\/wp-content\/uploads\/2024\/11\/104-Loft-9.jpg\" class=\"attachment-full size-full\" alt=\"\" srcset=\"https:\/\/hanykhotel.com\/wp-content\/uploads\/2024\/11\/104-Loft-9.jpg 1000w, https:\/\/hanykhotel.com\/wp-content\/uploads\/2024\/11\/104-Loft-9-300x200.jpg 300w, https:\/\/hanykhotel.com\/wp-content\/uploads\/2024\/11\/104-Loft-9-768x512.jpg 768w, https:\/\/hanykhotel.com\/wp-content\/uploads\/2024\/11\/104-Loft-9-600x400.jpg 600w\" sizes=\"(max-width: 1000px) 100vw, 1000px\" \/><\/div><div class=\"item\"><img loading=\"lazy\" decoding=\"async\" width=\"1000\" height=\"667\" src=\"https:\/\/hanykhotel.com\/wp-content\/uploads\/2024\/11\/104-Loft-12.jpg\" class=\"attachment-full size-full\" alt=\"\" srcset=\"https:\/\/hanykhotel.com\/wp-content\/uploads\/2024\/11\/104-Loft-12.jpg 1000w, https:\/\/hanykhotel.com\/wp-content\/uploads\/2024\/11\/104-Loft-12-300x200.jpg 300w, https:\/\/hanykhotel.com\/wp-content\/uploads\/2024\/11\/104-Loft-12-768x512.jpg 768w, https:\/\/hanykhotel.com\/wp-content\/uploads\/2024\/11\/104-Loft-12-600x400.jpg 600w\" sizes=\"(max-width: 1000px) 100vw, 1000px\" \/><\/div><div class=\"item\"><img loading=\"lazy\" decoding=\"async\" width=\"1000\" height=\"667\" src=\"https:\/\/hanykhotel.com\/wp-content\/uploads\/2024\/11\/104-Loft-13.jpg\" class=\"attachment-full size-full\" alt=\"\" srcset=\"https:\/\/hanykhotel.com\/wp-content\/uploads\/2024\/11\/104-Loft-13.jpg 1000w, https:\/\/hanykhotel.com\/wp-content\/uploads\/2024\/11\/104-Loft-13-300x200.jpg 300w, https:\/\/hanykhotel.com\/wp-content\/uploads\/2024\/11\/104-Loft-13-768x512.jpg 768w, https:\/\/hanykhotel.com\/wp-content\/uploads\/2024\/11\/104-Loft-13-600x400.jpg 600w\" sizes=\"(max-width: 1000px) 100vw, 1000px\" \/><\/div><div class=\"item\"><img loading=\"lazy\" decoding=\"async\" width=\"1000\" height=\"667\" src=\"https:\/\/hanykhotel.com\/wp-content\/uploads\/2024\/11\/104-Loft-3.jpg\" class=\"attachment-full size-full\" alt=\"\" srcset=\"https:\/\/hanykhotel.com\/wp-content\/uploads\/2024\/11\/104-Loft-3.jpg 1000w, https:\/\/hanykhotel.com\/wp-content\/uploads\/2024\/11\/104-Loft-3-300x200.jpg 300w, https:\/\/hanykhotel.com\/wp-content\/uploads\/2024\/11\/104-Loft-3-768x512.jpg 768w, https:\/\/hanykhotel.com\/wp-content\/uploads\/2024\/11\/104-Loft-3-600x400.jpg 600w\" sizes=\"(max-width: 1000px) 100vw, 1000px\" \/><\/div><div class=\"item\"><img loading=\"lazy\" decoding=\"async\" width=\"1000\" height=\"667\" src=\"https:\/\/hanykhotel.com\/wp-content\/uploads\/2024\/11\/301-no-11-13.jpg\" class=\"attachment-full size-full\" alt=\"\" srcset=\"https:\/\/hanykhotel.com\/wp-content\/uploads\/2024\/11\/301-no-11-13.jpg 1000w, https:\/\/hanykhotel.com\/wp-content\/uploads\/2024\/11\/301-no-11-13-300x200.jpg 300w, https:\/\/hanykhotel.com\/wp-content\/uploads\/2024\/11\/301-no-11-13-768x512.jpg 768w, https:\/\/hanykhotel.com\/wp-content\/uploads\/2024\/11\/301-no-11-13-600x400.jpg 600w\" sizes=\"(max-width: 1000px) 100vw, 1000px\" \/><\/div><div class=\"item\"><img loading=\"lazy\" decoding=\"async\" width=\"1000\" height=\"667\" src=\"https:\/\/hanykhotel.com\/wp-content\/uploads\/2024\/11\/301-no-11-2.jpg\" class=\"attachment-full size-full\" alt=\"\" srcset=\"https:\/\/hanykhotel.com\/wp-content\/uploads\/2024\/11\/301-no-11-2.jpg 1000w, https:\/\/hanykhotel.com\/wp-content\/uploads\/2024\/11\/301-no-11-2-300x200.jpg 300w, https:\/\/hanykhotel.com\/wp-content\/uploads\/2024\/11\/301-no-11-2-768x512.jpg 768w, https:\/\/hanykhotel.com\/wp-content\/uploads\/2024\/11\/301-no-11-2-600x400.jpg 600w\" sizes=\"(max-width: 1000px) 100vw, 1000px\" \/><\/div><div class=\"item\"><img loading=\"lazy\" decoding=\"async\" width=\"1000\" height=\"667\" src=\"https:\/\/hanykhotel.com\/wp-content\/uploads\/2024\/11\/301-no-11-1.jpg\" class=\"attachment-full size-full\" alt=\"\" srcset=\"https:\/\/hanykhotel.com\/wp-content\/uploads\/2024\/11\/301-no-11-1.jpg 1000w, https:\/\/hanykhotel.com\/wp-content\/uploads\/2024\/11\/301-no-11-1-300x200.jpg 300w, https:\/\/hanykhotel.com\/wp-content\/uploads\/2024\/11\/301-no-11-1-768x512.jpg 768w, https:\/\/hanykhotel.com\/wp-content\/uploads\/2024\/11\/301-no-11-1-600x400.jpg 600w\" sizes=\"(max-width: 1000px) 100vw, 1000px\" \/><\/div><\/div>\t\t\t\t<\/div>\n\t\t\t\t<\/div>\n\t\t\t\t\t<\/div>\n\t\t<\/div>\n\t\t\t\t\t<\/div>\n\t\t<\/section>\n\t\t\t\t<\/div>","protected":false},"excerpt":{"rendered":"<p>The Han YK Hotel \u0130stanbul&#8217;un g\u00f6zde semtlerinden biri olan Avc\u0131lar il\u00e7esinde konumlanan k\u00fc\u00e7\u00fck bir apart \u015fehir oteli olarak sizleri a\u011f\u0131rlamaktan mutluluk duyuyoruz. The Han YK Hotel, Apartment 1+0, Apartment 1+1, Loft Junior, Loft Apartment, Standart Room ve Deluxe Room olmak \u00fczere 6 farkl\u0131 oda tipi sunmaktad\u0131r ve toplamda 41 konforlu oda ile hizmet vermektedir. Apartment [&hellip;]<\/p>","protected":false},"author":1,"featured_media":0,"parent":0,"menu_order":0,"comment_status":"closed","ping_status":"closed","template":"","meta":{"footnotes":""},"class_list":["post-2963","page","type-page","status-publish","hentry"],"_links":{"self":[{"href":"https:\/\/hanykhotel.com\/en\/wp-json\/wp\/v2\/pages\/2963","targetHints":{"allow":["GET"]}}],"collection":[{"href":"https:\/\/hanykhotel.com\/en\/wp-json\/wp\/v2\/pages"}],"about":[{"href":"https:\/\/hanykhotel.com\/en\/wp-json\/wp\/v2\/types\/page"}],"author":[{"embeddable":true,"href":"https:\/\/hanykhotel.com\/en\/wp-json\/wp\/v2\/users\/1"}],"replies":[{"embeddable":true,"href":"https:\/\/hanykhotel.com\/en\/wp-json\/wp\/v2\/comments?post=2963"}],"version-history":[{"count":38,"href":"https:\/\/hanykhotel.com\/en\/wp-json\/wp\/v2\/pages\/2963\/revisions"}],"predecessor-version":[{"id":3645,"href":"https:\/\/hanykhotel.com\/en\/wp-json\/wp\/v2\/pages\/2963\/revisions\/3645"}],"wp:attachment":[{"href":"https:\/\/hanykhotel.com\/en\/wp-json\/wp\/v2\/media?parent=2963"}],"curies":[{"name":"wp","href":"https:\/\/api.w.org\/{rel}","templated":true}]}}